{"id":266,"date":"2018-03-02T20:17:58","date_gmt":"2018-03-02T18:17:58","guid":{"rendered":"http:\/\/www.primaremontit.fi\/?page_id=266"},"modified":"2018-03-02T21:10:53","modified_gmt":"2018-03-02T19:10:53","slug":"keittioremontti","status":"publish","type":"page","link":"http:\/\/www.primaremontit.fi\/?page_id=266","title":{"rendered":"Keitti\u00f6remontti"},"content":{"rendered":"<h2><img data-attachment-id=\"321\" data-permalink=\"http:\/\/www.primaremontit.fi\/?attachment_id=321\" data-orig-file=\"https:\/\/i0.wp.com\/www.primaremontit.fi\/wp-content\/uploads\/2018\/03\/pexels-photo-273822.jpeg?fit=940%2C627\" data-orig-size=\"940,627\" data-comments-opened=\"0\" data-image-meta=\"{&quot;aperture&quot;:&quot;0&quot;,&quot;credit&quot;:&quot;&quot;,&quot;camera&quot;:&quot;&quot;,&quot;caption&quot;:&quot;&quot;,&quot;created_timestamp&quot;:&quot;0&quot;,&quot;copyright&quot;:&quot;&quot;,&quot;focal_length&quot;:&quot;0&quot;,&quot;iso&quot;:&quot;0&quot;,&quot;shutter_speed&quot;:&quot;0&quot;,&quot;title&quot;:&quot;&quot;,&quot;orientation&quot;:&quot;0&quot;}\" data-image-title=\"pexels-photo-273822\" data-image-description=\"\" data-image-caption=\"\" data-medium-file=\"https:\/\/i0.wp.com\/www.primaremontit.fi\/wp-content\/uploads\/2018\/03\/pexels-photo-273822.jpeg?fit=300%2C200\" data-large-file=\"https:\/\/i0.wp.com\/www.primaremontit.fi\/wp-content\/uploads\/2018\/03\/pexels-photo-273822.jpeg?fit=600%2C400\" decoding=\"async\" loading=\"lazy\" class=\"alignnone size-full wp-image-321\" src=\"https:\/\/i0.wp.com\/www.primaremontit.fi\/wp-content\/uploads\/2018\/03\/pexels-photo-273822.jpeg?resize=600%2C400\" alt=\"\" width=\"600\" height=\"400\" srcset=\"https:\/\/i0.wp.com\/www.primaremontit.fi\/wp-content\/uploads\/2018\/03\/pexels-photo-273822.jpeg?w=940 940w, https:\/\/i0.wp.com\/www.primaremontit.fi\/wp-content\/uploads\/2018\/03\/pexels-photo-273822.jpeg?resize=300%2C200 300w, https:\/\/i0.wp.com\/www.primaremontit.fi\/wp-content\/uploads\/2018\/03\/pexels-photo-273822.jpeg?resize=768%2C512 768w\" sizes=\"(max-width: 600px) 100vw, 600px\" data-recalc-dims=\"1\" \/>Onko suunnitelmissasi tilata keitti\u00f6remontillesi tekij\u00e4?<\/h2>\n<p><em>Hienoa, kun p\u00e4\u00e4dyit<\/em> sivuilleni.<\/p>\n<p><em>Keitti\u00f6remontti jos jokin vaatii kyky\u00e4 tehd\u00e4 millintarkkaa ty\u00f6t\u00e4. Lopputulokseen vaikuttaa monikin asia, joten riitt\u00e4v\u00e4t suunnitelmat\u00a0 onkin kaiken a ja o. Alkukartoituksessa voimme yhdess\u00e4 mietti\u00e4 muutamia asioita, kuten aikataulutus,\u00a0toteutustapa, kustannusarvio ja tarvittavat selvitykset. T\u00e4m\u00e4n lis\u00e4ksi keitti\u00f6remontissa erityisesti korostuu asiantuntevan keitti\u00f6suunnittelijan kanssa vietetyt hetket, jotta varmistutaan, ett\u00e4 saat unelmiesi keitti\u00f6n toiveesi huomioiden. <\/em><\/p>\n<p><em>Keitti\u00f6valmistaja toimittaa kuorman sovittuna ajankohtana, joten tarkasti ajoitettu projekti ja aikataulussa pysyminen on hyvin t\u00e4rke\u00e4\u00e4 projektin onnistumisen kannalta. Keitti\u00f6remonteissa esiin tulee monesti pieni\u00e4 hankaluuksia, jotka alan ammattilaiselle ovat hyvin ratkaistavissa. Lvis-muutosty\u00f6t ovat yleisi\u00e4 ja n\u00e4m\u00e4kin projektit l\u00e4p\u00e4ist\u00e4\u00e4n usean alan ammattilaisen voimin. Luotettavat kumppanit ja oikeaan aikaan toteutettavat ty\u00f6t ovatkin avainasemassa.<\/em><\/p>\n<p><em>Jos viel\u00e4 pohdit, ett\u00e4 olisinko soveltuva tekem\u00e4\u00e4n keitti\u00f6remonttisi, niin voit j\u00e4tt\u00e4\u00e4 tarjouspyynn\u00f6n tai soittaa suoraan minulle. Uskon, ett\u00e4 p\u00e4\u00e4semme yhteisymm\u00e4rrykseen.<\/em><\/p>\n","protected":false},"excerpt":{"rendered":"<p>Onko suunnitelmissasi tilata keitti\u00f6remontillesi tekij\u00e4? Hienoa, kun p\u00e4\u00e4dyit sivuilleni. Keitti\u00f6remontti jos jokin vaatii kyky\u00e4 tehd\u00e4 millintarkkaa ty\u00f6t\u00e4. Lopputulokseen vaikuttaa monikin asia, joten riitt\u00e4v\u00e4t suunnitelmat\u00a0 onkin kaiken a ja o. Alkukartoituksessa voimme yhdess\u00e4 mietti\u00e4 muutamia asioita, kuten aikataulutus,\u00a0toteutustapa, kustannusarvio ja tarvittavat selvitykset. T\u00e4m\u00e4n lis\u00e4ksi keitti\u00f6remontissa erityisesti korostuu asiantuntevan keitti\u00f6suunnittelijan kanssa vietetyt hetket, jotta varmistutaan, ett\u00e4 saat [&hellip;]<\/p>\n","protected":false},"author":1,"featured_media":0,"parent":0,"menu_order":0,"comment_status":"closed","ping_status":"closed","template":"","meta":{"jetpack_post_was_ever_published":false},"jetpack_sharing_enabled":false,"jetpack_shortlink":"https:\/\/wp.me\/P9B3x1-4i","jetpack_likes_enabled":true,"jetpack-related-posts":[{"id":268,"url":"http:\/\/www.primaremontit.fi\/?page_id=268","url_meta":{"origin":266,"position":0},"title":"Pintaremontti","author":"Uudenmaan Primaremontit","date":"March 2, 2018","format":false,"excerpt":"Kaipaako kotisi ehostusta? Ehk\u00e4p\u00e4 haluaisit asunnostasi valoisamman tai laittaa sen vuokralle? Ehk\u00e4p\u00e4 n\u00e4it sisustuslehdess\u00e4 jotain hienoa, mik\u00e4 s\u00e4v\u00e4ytti ja n\u00e4ytti omalta. Mink\u00e4laiseen ratkaisuun p\u00e4\u00e4dytkin, niin voimme my\u00f6s yhdess\u00e4 mietti\u00e4 ratkaisuja. Yli Kymmenenvuoden sis\u00e4rakennust\u00f6iden ammattilaisena minulla on paljon n\u00e4kemyksi\u00e4, joita toki mielell\u00e4ni tuon sinunkin tietoosi projektissa.\u00a0Alkukartoituksessa voimme yhdess\u00e4 mietti\u00e4 muutamia asioita,\u2026","rel":"","context":"Similar post","block_context":{"text":"Similar post","link":""},"img":{"alt_text":"","src":"https:\/\/i0.wp.com\/www.primaremontit.fi\/wp-content\/uploads\/2018\/03\/blogikuva-4.jpg?resize=350%2C200","width":350,"height":200,"srcset":"https:\/\/i0.wp.com\/www.primaremontit.fi\/wp-content\/uploads\/2018\/03\/blogikuva-4.jpg?resize=350%2C200 1x, https:\/\/i0.wp.com\/www.primaremontit.fi\/wp-content\/uploads\/2018\/03\/blogikuva-4.jpg?resize=525%2C300 1.5x, https:\/\/i0.wp.com\/www.primaremontit.fi\/wp-content\/uploads\/2018\/03\/blogikuva-4.jpg?resize=700%2C400 2x"},"classes":[]},{"id":267,"url":"http:\/\/www.primaremontit.fi\/?page_id=267","url_meta":{"origin":266,"position":1},"title":"Kylpyhuoneremontti","author":"Uudenmaan Primaremontit","date":"March 2, 2018","format":false,"excerpt":"Kylpyhuoneremontti edess\u00e4? Pitk\u00e4n linjan m\u00e4rk\u00e4tilojen rakentajana kannan vastuuni jokaisesta kohteestani ja p\u00e4\u00e4m\u00e4\u00e4r\u00e4ni on loppuun asti hyvin toteutettu projekti. Laadukkaasti ja kest\u00e4v\u00e4sti rakennettu kohde huomioiden rakennusm\u00e4\u00e4r\u00e4ykset ovat t\u00e4rkeimpi\u00e4 arvojani ja asiakastyytyv\u00e4isyys onkin ollut korkeaa. Kun haluat kylpyhuoneremontillesi tarkkaa ty\u00f6t\u00e4 tekev\u00e4n, voit luottaa minuun. Rohkeat materiaalivalinnat ja haasteelliset laatoitukset, kuten erilaiset rakennetut\u2026","rel":"","context":"Similar post","block_context":{"text":"Similar post","link":""},"img":{"alt_text":"","src":"https:\/\/i0.wp.com\/www.primaremontit.fi\/wp-content\/uploads\/2018\/03\/pexels-photo-534116.jpeg?resize=350%2C200","width":350,"height":200,"srcset":"https:\/\/i0.wp.com\/www.primaremontit.fi\/wp-content\/uploads\/2018\/03\/pexels-photo-534116.jpeg?resize=350%2C200 1x, https:\/\/i0.wp.com\/www.primaremontit.fi\/wp-content\/uploads\/2018\/03\/pexels-photo-534116.jpeg?resize=525%2C300 1.5x, https:\/\/i0.wp.com\/www.primaremontit.fi\/wp-content\/uploads\/2018\/03\/pexels-photo-534116.jpeg?resize=700%2C400 2x, https:\/\/i0.wp.com\/www.primaremontit.fi\/wp-content\/uploads\/2018\/03\/pexels-photo-534116.jpeg?resize=1050%2C600 3x, https:\/\/i0.wp.com\/www.primaremontit.fi\/wp-content\/uploads\/2018\/03\/pexels-photo-534116.jpeg?resize=1400%2C800 4x"},"classes":[]},{"id":272,"url":"http:\/\/www.primaremontit.fi\/?page_id=272","url_meta":{"origin":266,"position":2},"title":"Korjausrakennus","author":"Uudenmaan Primaremontit","date":"March 2, 2018","format":false,"excerpt":"Korjausrakentaminen vuonna 2018 Korjausrakentaminen kehittyy jatkuvasti. Kehittyv\u00e4t rakennustavat, muuttuvat materiaalit, tiukentuvat rakentamism\u00e4\u00e4r\u00e4ykset ja n\u00e4ist\u00e4 johtuva osaamisen p\u00e4ivitt\u00e4minen erilaisin koulutusmenetelmin sek\u00e4 ty\u00f6ntilaajien\/rakennuttajien alati kasvava halu ryhty\u00e4 toteuttamaan yksil\u00f6llisi\u00e4, rohkeita ratkaisuja tekev\u00e4t alasta mielenkiintoisen. Korjausrakentamiseen tuo omat haasteensa se, ett\u00e4 vanhojen rakenteiden kunto, senaikaiset rakennustavat, muutost\u00f6iden laajuus, vaadittavat asiakirjat ja laajat selvitykset,\u2026","rel":"","context":"Similar post","block_context":{"text":"Similar post","link":""},"img":{"alt_text":"","src":"https:\/\/i0.wp.com\/www.primaremontit.fi\/wp-content\/uploads\/2018\/03\/piirustus.jpg?resize=350%2C200","width":350,"height":200,"srcset":"https:\/\/i0.wp.com\/www.primaremontit.fi\/wp-content\/uploads\/2018\/03\/piirustus.jpg?resize=350%2C200 1x, https:\/\/i0.wp.com\/www.primaremontit.fi\/wp-content\/uploads\/2018\/03\/piirustus.jpg?resize=525%2C300 1.5x, https:\/\/i0.wp.com\/www.primaremontit.fi\/wp-content\/uploads\/2018\/03\/piirustus.jpg?resize=700%2C400 2x"},"classes":[]},{"id":280,"url":"http:\/\/www.primaremontit.fi\/?page_id=280","url_meta":{"origin":266,"position":3},"title":"Korjausrakennus","author":"Uudenmaan Primaremontit","date":"March 2, 2018","format":false,"excerpt":"Korjausrakentaminen vuonna 2018 Korjausrakentaminen kehittyy jatkuvasti. Kehittyv\u00e4t rakennustavat, muuttuvat materiaalit, tiukentuvat rakentamism\u00e4\u00e4r\u00e4ykset ja n\u00e4ist\u00e4 johtuva osaamisen p\u00e4ivitt\u00e4minen erilaisin koulutusmenetelmin sek\u00e4 ty\u00f6ntilaajien\/rakennuttajien alati kasvava halu ryhty\u00e4 toteuttamaan yksil\u00f6llisi\u00e4, rohkeita ratkaisuja tekev\u00e4t alasta mielenkiintoisen. Korjausrakentamiseen tuo omat haasteensa se, ett\u00e4 vanhojen rakenteiden kunto, senaikaiset rakennustavat, muutost\u00f6iden laajuus, vaadittavat asiakirjat ja laajat selvitykset,\u2026","rel":"","context":"Similar post","block_context":{"text":"Similar post","link":""},"img":{"alt_text":"","src":"https:\/\/i0.wp.com\/www.primaremontit.fi\/wp-content\/uploads\/2018\/03\/piirustus.jpg?resize=350%2C200","width":350,"height":200,"srcset":"https:\/\/i0.wp.com\/www.primaremontit.fi\/wp-content\/uploads\/2018\/03\/piirustus.jpg?resize=350%2C200 1x, https:\/\/i0.wp.com\/www.primaremontit.fi\/wp-content\/uploads\/2018\/03\/piirustus.jpg?resize=525%2C300 1.5x, https:\/\/i0.wp.com\/www.primaremontit.fi\/wp-content\/uploads\/2018\/03\/piirustus.jpg?resize=700%2C400 2x"},"classes":[]}],"_links":{"self":[{"href":"http:\/\/www.primaremontit.fi\/index.php?rest_route=\/wp\/v2\/pages\/266"}],"collection":[{"href":"http:\/\/www.primaremontit.fi\/index.php?rest_route=\/wp\/v2\/pages"}],"about":[{"href":"http:\/\/www.primaremontit.fi\/index.php?rest_route=\/wp\/v2\/types\/page"}],"author":[{"embeddable":true,"href":"http:\/\/www.primaremontit.fi\/index.php?rest_route=\/wp\/v2\/users\/1"}],"replies":[{"embeddable":true,"href":"http:\/\/www.primaremontit.fi\/index.php?rest_route=%2Fwp%2Fv2%2Fcomments&post=266"}],"version-history":[{"count":8,"href":"http:\/\/www.primaremontit.fi\/index.php?rest_route=\/wp\/v2\/pages\/266\/revisions"}],"predecessor-version":[{"id":323,"href":"http:\/\/www.primaremontit.fi\/index.php?rest_route=\/wp\/v2\/pages\/266\/revisions\/323"}],"wp:attachment":[{"href":"http:\/\/www.primaremontit.fi\/index.php?rest_route=%2Fwp%2Fv2%2Fmedia&parent=266"}],"curies":[{"name":"wp","href":"https:\/\/api.w.org\/{rel}","templated":true}]}}