{"id":267,"date":"2018-03-02T20:18:37","date_gmt":"2018-03-02T18:18:37","guid":{"rendered":"http:\/\/www.primaremontit.fi\/?page_id=267"},"modified":"2018-03-24T00:30:27","modified_gmt":"2018-03-23T22:30:27","slug":"kylpyhuoneremontti","status":"publish","type":"page","link":"https:\/\/www.primaremontit.fi\/?page_id=267","title":{"rendered":"Kylpyhuoneremontti"},"content":{"rendered":"<h2><img data-attachment-id=\"324\" data-permalink=\"https:\/\/www.primaremontit.fi\/?attachment_id=324\" data-orig-file=\"https:\/\/i0.wp.com\/www.primaremontit.fi\/wp-content\/uploads\/2018\/03\/pexels-photo-534116.jpeg?fit=4844%2C3784&amp;ssl=1\" data-orig-size=\"4844,3784\" data-comments-opened=\"0\" data-image-meta=\"{&quot;aperture&quot;:&quot;3.3&quot;,&quot;credit&quot;:&quot;&quot;,&quot;camera&quot;:&quot;Canon PowerShot SX720 HS&quot;,&quot;caption&quot;:&quot;&quot;,&quot;created_timestamp&quot;:&quot;0&quot;,&quot;copyright&quot;:&quot;&quot;,&quot;focal_length&quot;:&quot;4.3&quot;,&quot;iso&quot;:&quot;250&quot;,&quot;shutter_speed&quot;:&quot;0.033333333333333&quot;,&quot;title&quot;:&quot;&quot;,&quot;orientation&quot;:&quot;0&quot;}\" data-image-title=\"pexels-photo-534116\" data-image-description=\"\" data-image-caption=\"\" data-medium-file=\"https:\/\/i0.wp.com\/www.primaremontit.fi\/wp-content\/uploads\/2018\/03\/pexels-photo-534116.jpeg?fit=300%2C234&amp;ssl=1\" data-large-file=\"https:\/\/i0.wp.com\/www.primaremontit.fi\/wp-content\/uploads\/2018\/03\/pexels-photo-534116.jpeg?fit=600%2C469&amp;ssl=1\" decoding=\"async\" loading=\"lazy\" class=\"alignnone size-full wp-image-324\" src=\"https:\/\/i0.wp.com\/www.primaremontit.fi\/wp-content\/uploads\/2018\/03\/pexels-photo-534116.jpeg?resize=600%2C469\" alt=\"\" width=\"600\" height=\"469\" srcset=\"https:\/\/i0.wp.com\/www.primaremontit.fi\/wp-content\/uploads\/2018\/03\/pexels-photo-534116.jpeg?w=4844&amp;ssl=1 4844w, https:\/\/i0.wp.com\/www.primaremontit.fi\/wp-content\/uploads\/2018\/03\/pexels-photo-534116.jpeg?resize=300%2C234&amp;ssl=1 300w, https:\/\/i0.wp.com\/www.primaremontit.fi\/wp-content\/uploads\/2018\/03\/pexels-photo-534116.jpeg?resize=768%2C600&amp;ssl=1 768w, https:\/\/i0.wp.com\/www.primaremontit.fi\/wp-content\/uploads\/2018\/03\/pexels-photo-534116.jpeg?resize=1024%2C800&amp;ssl=1 1024w, https:\/\/i0.wp.com\/www.primaremontit.fi\/wp-content\/uploads\/2018\/03\/pexels-photo-534116.jpeg?w=1200 1200w, https:\/\/i0.wp.com\/www.primaremontit.fi\/wp-content\/uploads\/2018\/03\/pexels-photo-534116.jpeg?w=1800 1800w\" sizes=\"(max-width: 600px) 100vw, 600px\" data-recalc-dims=\"1\" \/>Kylpyhuoneremontti edess\u00e4?<\/h2>\n<p>Pitk\u00e4n linjan m\u00e4rk\u00e4tilojen rakentajana kannan vastuuni jokaisesta kohteestani ja p\u00e4\u00e4m\u00e4\u00e4r\u00e4ni on loppuun asti hyvin toteutettu projekti. Laadukkaasti ja kest\u00e4v\u00e4sti rakennettu kohde huomioiden rakennusm\u00e4\u00e4r\u00e4ykset ovat t\u00e4rkeimpi\u00e4 arvojani ja asiakastyytyv\u00e4isyys onkin ollut korkeaa.<\/p>\n<p>Kun haluat kylpyhuoneremontillesi tarkkaa ty\u00f6t\u00e4 tekev\u00e4n, voit luottaa minuun. Rohkeat materiaalivalinnat ja haasteelliset laatoitukset, kuten erilaiset rakennetut saippuatelinesyvennykset, laatoitetut saippuahyllyt hienoine ulkokulmalistoituksineen, Suuret sein\u00e4laatoitukset, mosaiikkilaatoitukset, kuusikulmaiset lattialaatoitukset, Unidrain-kaivoj\u00e4rjestelm\u00e4t, tiililadonnat, boordilaatoitukset, tehostesein\u00e4t, ovat osa erikoisosaamisaluettani.<\/p>\n<p>Viimeaikoina olen my\u00f6s syventynyt mikrosementtit\u00f6ihin. Mikrosementoinnilla saadan eritt\u00e4in el\u00e4v\u00e4\u00e4, sile\u00e4\u00e4 ja lujaa pintaa. Pinnoista tulee hyvin likaa hylkiv\u00e4 ja siivouskin helpottuu. K\u00e4yt\u00e4n ainoastaan Sbl:n (Suomen betonileimasin)\u00a0 maahantuomia Pavicem-tuotteita ja he ovatkin edell\u00e4k\u00e4vij\u00f6it\u00e4 mikrosementtituotteissa. Asiakkaat ovat tyk\u00e4styneet Sbl:n Pavicem-tuotteisiin yksin niiden valinnanvaran vuoksi, sill\u00e4 s\u00e4vymaailma on laaja. Tuotteet ovat my\u00f6s ammattilaisten mieleen ty\u00f6stett\u00e4vyyden ansiosta. Mikrosementointia on mahdollista tehd\u00e4 jopa vanhojen laatoituksien p\u00e4\u00e4lle. My\u00f6sk\u00e4\u00e4n ei ole harvinaista tehd\u00e4n mikrosementointia t\u00e4ysin saneerattavassa kylpyhuoneessa. Jokaista kohdetta ei luonnollisesti ole mahdollista toteuttaa kyseisell\u00e4 menetelm\u00e4ll\u00e4, ja tarjousk\u00e4ynnill\u00e4ni pystymme arvioimaan tarkemmin mahdolliset toteutustavat.<\/p>\n<p>Jos mielenkiintosi her\u00e4si, kerron mielell\u00e4ni lis\u00e4\u00e4. Asiakask\u00e4ynnill\u00e4ni pystyn kartoittamaan kunnolla remontin kokonaiskuvaa, kuten aikataulutus, toteutustapa, kustannusarvio ja tarvittavat selvitykset.<\/p>\n<p>&nbsp;<\/p>\n<p>&nbsp;<\/p>\n<p>&nbsp;<\/p>\n","protected":false},"excerpt":{"rendered":"<p>Kylpyhuoneremontti edess\u00e4? Pitk\u00e4n linjan m\u00e4rk\u00e4tilojen rakentajana kannan vastuuni jokaisesta kohteestani ja p\u00e4\u00e4m\u00e4\u00e4r\u00e4ni on loppuun asti hyvin toteutettu projekti. Laadukkaasti ja kest\u00e4v\u00e4sti rakennettu kohde huomioiden rakennusm\u00e4\u00e4r\u00e4ykset ovat t\u00e4rkeimpi\u00e4 arvojani ja asiakastyytyv\u00e4isyys onkin ollut korkeaa. Kun haluat kylpyhuoneremontillesi tarkkaa ty\u00f6t\u00e4 tekev\u00e4n, voit luottaa minuun. Rohkeat materiaalivalinnat ja haasteelliset laatoitukset, kuten erilaiset rakennetut saippuatelinesyvennykset, laatoitetut saippuahyllyt hienoine ulkokulmalistoituksineen, [&hellip;]<\/p>\n","protected":false},"author":1,"featured_media":0,"parent":0,"menu_order":0,"comment_status":"closed","ping_status":"closed","template":"","meta":{"jetpack_post_was_ever_published":false},"jetpack_sharing_enabled":false,"jetpack_shortlink":"https:\/\/wp.me\/P9B3x1-4j","jetpack_likes_enabled":true,"jetpack-related-posts":[{"id":266,"url":"https:\/\/www.primaremontit.fi\/?page_id=266","url_meta":{"origin":267,"position":0},"title":"Keitti\u00f6remontti","author":"Uudenmaan Primaremontit","date":"March 2, 2018","format":false,"excerpt":"Onko suunnitelmissasi tilata keitti\u00f6remontillesi tekij\u00e4? Hienoa, kun p\u00e4\u00e4dyit sivuilleni. Keitti\u00f6remontti jos jokin vaatii kyky\u00e4 tehd\u00e4 millintarkkaa ty\u00f6t\u00e4. Lopputulokseen vaikuttaa monikin asia, joten riitt\u00e4v\u00e4t suunnitelmat\u00a0 onkin kaiken a ja o. Alkukartoituksessa voimme yhdess\u00e4 mietti\u00e4 muutamia asioita, kuten aikataulutus,\u00a0toteutustapa, kustannusarvio ja tarvittavat selvitykset. T\u00e4m\u00e4n lis\u00e4ksi keitti\u00f6remontissa erityisesti korostuu asiantuntevan keitti\u00f6suunnittelijan kanssa vietetyt\u2026","rel":"","context":"Similar post","block_context":{"text":"Similar post","link":""},"img":{"alt_text":"","src":"https:\/\/i0.wp.com\/www.primaremontit.fi\/wp-content\/uploads\/2018\/03\/pexels-photo-273822.jpeg?resize=350%2C200","width":350,"height":200,"srcset":"https:\/\/i0.wp.com\/www.primaremontit.fi\/wp-content\/uploads\/2018\/03\/pexels-photo-273822.jpeg?resize=350%2C200 1x, https:\/\/i0.wp.com\/www.primaremontit.fi\/wp-content\/uploads\/2018\/03\/pexels-photo-273822.jpeg?resize=525%2C300 1.5x, https:\/\/i0.wp.com\/www.primaremontit.fi\/wp-content\/uploads\/2018\/03\/pexels-photo-273822.jpeg?resize=700%2C400 2x"},"classes":[]},{"id":268,"url":"https:\/\/www.primaremontit.fi\/?page_id=268","url_meta":{"origin":267,"position":1},"title":"Pintaremontti","author":"Uudenmaan Primaremontit","date":"March 2, 2018","format":false,"excerpt":"Kaipaako kotisi ehostusta? Ehk\u00e4p\u00e4 haluaisit asunnostasi valoisamman tai laittaa sen vuokralle? Ehk\u00e4p\u00e4 n\u00e4it sisustuslehdess\u00e4 jotain hienoa, mik\u00e4 s\u00e4v\u00e4ytti ja n\u00e4ytti omalta. Mink\u00e4laiseen ratkaisuun p\u00e4\u00e4dytkin, niin voimme my\u00f6s yhdess\u00e4 mietti\u00e4 ratkaisuja. Yli Kymmenenvuoden sis\u00e4rakennust\u00f6iden ammattilaisena minulla on paljon n\u00e4kemyksi\u00e4, joita toki mielell\u00e4ni tuon sinunkin tietoosi projektissa.\u00a0Alkukartoituksessa voimme yhdess\u00e4 mietti\u00e4 muutamia asioita,\u2026","rel":"","context":"Similar post","block_context":{"text":"Similar post","link":""},"img":{"alt_text":"","src":"https:\/\/i0.wp.com\/www.primaremontit.fi\/wp-content\/uploads\/2018\/03\/blogikuva-4.jpg?resize=350%2C200","width":350,"height":200,"srcset":"https:\/\/i0.wp.com\/www.primaremontit.fi\/wp-content\/uploads\/2018\/03\/blogikuva-4.jpg?resize=350%2C200 1x, https:\/\/i0.wp.com\/www.primaremontit.fi\/wp-content\/uploads\/2018\/03\/blogikuva-4.jpg?resize=525%2C300 1.5x, https:\/\/i0.wp.com\/www.primaremontit.fi\/wp-content\/uploads\/2018\/03\/blogikuva-4.jpg?resize=700%2C400 2x"},"classes":[]},{"id":272,"url":"https:\/\/www.primaremontit.fi\/?page_id=272","url_meta":{"origin":267,"position":2},"title":"Korjausrakennus","author":"Uudenmaan Primaremontit","date":"March 2, 2018","format":false,"excerpt":"Korjausrakentaminen vuonna 2018 Korjausrakentaminen kehittyy jatkuvasti. Kehittyv\u00e4t rakennustavat, muuttuvat materiaalit, tiukentuvat rakentamism\u00e4\u00e4r\u00e4ykset ja n\u00e4ist\u00e4 johtuva osaamisen p\u00e4ivitt\u00e4minen erilaisin koulutusmenetelmin sek\u00e4 ty\u00f6ntilaajien\/rakennuttajien alati kasvava halu ryhty\u00e4 toteuttamaan yksil\u00f6llisi\u00e4, rohkeita ratkaisuja tekev\u00e4t alasta mielenkiintoisen. Korjausrakentamiseen tuo omat haasteensa se, ett\u00e4 vanhojen rakenteiden kunto, senaikaiset rakennustavat, muutost\u00f6iden laajuus, vaadittavat asiakirjat ja laajat selvitykset,\u2026","rel":"","context":"Similar post","block_context":{"text":"Similar post","link":""},"img":{"alt_text":"","src":"https:\/\/i0.wp.com\/www.primaremontit.fi\/wp-content\/uploads\/2018\/03\/piirustus.jpg?resize=350%2C200","width":350,"height":200,"srcset":"https:\/\/i0.wp.com\/www.primaremontit.fi\/wp-content\/uploads\/2018\/03\/piirustus.jpg?resize=350%2C200 1x, https:\/\/i0.wp.com\/www.primaremontit.fi\/wp-content\/uploads\/2018\/03\/piirustus.jpg?resize=525%2C300 1.5x, https:\/\/i0.wp.com\/www.primaremontit.fi\/wp-content\/uploads\/2018\/03\/piirustus.jpg?resize=700%2C400 2x"},"classes":[]},{"id":280,"url":"https:\/\/www.primaremontit.fi\/?page_id=280","url_meta":{"origin":267,"position":3},"title":"Korjausrakennus","author":"Uudenmaan Primaremontit","date":"March 2, 2018","format":false,"excerpt":"Korjausrakentaminen vuonna 2018 Korjausrakentaminen kehittyy jatkuvasti. Kehittyv\u00e4t rakennustavat, muuttuvat materiaalit, tiukentuvat rakentamism\u00e4\u00e4r\u00e4ykset ja n\u00e4ist\u00e4 johtuva osaamisen p\u00e4ivitt\u00e4minen erilaisin koulutusmenetelmin sek\u00e4 ty\u00f6ntilaajien\/rakennuttajien alati kasvava halu ryhty\u00e4 toteuttamaan yksil\u00f6llisi\u00e4, rohkeita ratkaisuja tekev\u00e4t alasta mielenkiintoisen. Korjausrakentamiseen tuo omat haasteensa se, ett\u00e4 vanhojen rakenteiden kunto, senaikaiset rakennustavat, muutost\u00f6iden laajuus, vaadittavat asiakirjat ja laajat selvitykset,\u2026","rel":"","context":"Similar post","block_context":{"text":"Similar post","link":""},"img":{"alt_text":"","src":"https:\/\/i0.wp.com\/www.primaremontit.fi\/wp-content\/uploads\/2018\/03\/piirustus.jpg?resize=350%2C200","width":350,"height":200,"srcset":"https:\/\/i0.wp.com\/www.primaremontit.fi\/wp-content\/uploads\/2018\/03\/piirustus.jpg?resize=350%2C200 1x, https:\/\/i0.wp.com\/www.primaremontit.fi\/wp-content\/uploads\/2018\/03\/piirustus.jpg?resize=525%2C300 1.5x, https:\/\/i0.wp.com\/www.primaremontit.fi\/wp-content\/uploads\/2018\/03\/piirustus.jpg?resize=700%2C400 2x"},"classes":[]}],"_links":{"self":[{"href":"https:\/\/www.primaremontit.fi\/index.php?rest_route=\/wp\/v2\/pages\/267"}],"collection":[{"href":"https:\/\/www.primaremontit.fi\/index.php?rest_route=\/wp\/v2\/pages"}],"about":[{"href":"https:\/\/www.primaremontit.fi\/index.php?rest_route=\/wp\/v2\/types\/page"}],"author":[{"embeddable":true,"href":"https:\/\/www.primaremontit.fi\/index.php?rest_route=\/wp\/v2\/users\/1"}],"replies":[{"embeddable":true,"href":"https:\/\/www.primaremontit.fi\/index.php?rest_route=%2Fwp%2Fv2%2Fcomments&post=267"}],"version-history":[{"count":7,"href":"https:\/\/www.primaremontit.fi\/index.php?rest_route=\/wp\/v2\/pages\/267\/revisions"}],"predecessor-version":[{"id":377,"href":"https:\/\/www.primaremontit.fi\/index.php?rest_route=\/wp\/v2\/pages\/267\/revisions\/377"}],"wp:attachment":[{"href":"https:\/\/www.primaremontit.fi\/index.php?rest_route=%2Fwp%2Fv2%2Fmedia&parent=267"}],"curies":[{"name":"wp","href":"https:\/\/api.w.org\/{rel}","templated":true}]}}