{"id":268,"date":"2018-03-02T20:17:36","date_gmt":"2018-03-02T18:17:36","guid":{"rendered":"http:\/\/www.primaremontit.fi\/?page_id=268"},"modified":"2018-03-02T21:39:23","modified_gmt":"2018-03-02T19:39:23","slug":"pintaremontti","status":"publish","type":"page","link":"https:\/\/www.primaremontit.fi\/?page_id=268","title":{"rendered":"Pintaremontti"},"content":{"rendered":"<h2><img data-attachment-id=\"329\" data-permalink=\"https:\/\/www.primaremontit.fi\/?attachment_id=329\" data-orig-file=\"https:\/\/i0.wp.com\/www.primaremontit.fi\/wp-content\/uploads\/2018\/03\/blogikuva-4.jpg?fit=1040%2C1378&amp;ssl=1\" data-orig-size=\"1040,1378\" data-comments-opened=\"0\" data-image-meta=\"{&quot;aperture&quot;:&quot;0&quot;,&quot;credit&quot;:&quot;&quot;,&quot;camera&quot;:&quot;&quot;,&quot;caption&quot;:&quot;&quot;,&quot;created_timestamp&quot;:&quot;0&quot;,&quot;copyright&quot;:&quot;&quot;,&quot;focal_length&quot;:&quot;0&quot;,&quot;iso&quot;:&quot;0&quot;,&quot;shutter_speed&quot;:&quot;0&quot;,&quot;title&quot;:&quot;&quot;,&quot;orientation&quot;:&quot;0&quot;}\" data-image-title=\"blogikuva 4\" data-image-description=\"\" data-image-caption=\"\" data-medium-file=\"https:\/\/i0.wp.com\/www.primaremontit.fi\/wp-content\/uploads\/2018\/03\/blogikuva-4.jpg?fit=226%2C300&amp;ssl=1\" data-large-file=\"https:\/\/i0.wp.com\/www.primaremontit.fi\/wp-content\/uploads\/2018\/03\/blogikuva-4.jpg?fit=600%2C795&amp;ssl=1\" decoding=\"async\" loading=\"lazy\" class=\"alignnone size-full wp-image-329\" src=\"https:\/\/i0.wp.com\/www.primaremontit.fi\/wp-content\/uploads\/2018\/03\/blogikuva-4.jpg?resize=600%2C795\" alt=\"\" width=\"600\" height=\"795\" srcset=\"https:\/\/i0.wp.com\/www.primaremontit.fi\/wp-content\/uploads\/2018\/03\/blogikuva-4.jpg?w=1040&amp;ssl=1 1040w, https:\/\/i0.wp.com\/www.primaremontit.fi\/wp-content\/uploads\/2018\/03\/blogikuva-4.jpg?resize=226%2C300&amp;ssl=1 226w, https:\/\/i0.wp.com\/www.primaremontit.fi\/wp-content\/uploads\/2018\/03\/blogikuva-4.jpg?resize=768%2C1018&amp;ssl=1 768w, https:\/\/i0.wp.com\/www.primaremontit.fi\/wp-content\/uploads\/2018\/03\/blogikuva-4.jpg?resize=773%2C1024&amp;ssl=1 773w\" sizes=\"(max-width: 600px) 100vw, 600px\" data-recalc-dims=\"1\" \/>Kaipaako kotisi ehostusta? Ehk\u00e4p\u00e4 haluaisit asunnostasi valoisamman tai laittaa sen vuokralle?<\/h2>\n<p>Ehk\u00e4p\u00e4 n\u00e4it sisustuslehdess\u00e4 jotain hienoa, mik\u00e4 s\u00e4v\u00e4ytti ja n\u00e4ytti omalta. Mink\u00e4laiseen ratkaisuun p\u00e4\u00e4dytkin, niin voimme my\u00f6s yhdess\u00e4 mietti\u00e4 ratkaisuja. Yli Kymmenenvuoden sis\u00e4rakennust\u00f6iden ammattilaisena minulla on paljon n\u00e4kemyksi\u00e4, joita toki mielell\u00e4ni tuon sinunkin tietoosi projektissa.\u00a0Alkukartoituksessa voimme yhdess\u00e4 mietti\u00e4 muutamia asioita, kuten aikataulutus, kustannusarvio, toteutustapa ja tarvittavat selvitykset.<\/p>\n<p>Monesti asunnossa el\u00e4minen on kuluttanut pintoja, joten on hyvin yleist\u00e4, ett\u00e4 kohteessa tehd\u00e4\u00e4n laajoja maalaust\u00f6it\u00e4, sis\u00e4lt\u00e4en kattojen pintak\u00e4sittelyt. Maalia roiskuu ja rakennusp\u00f6ly\u00e4 kertyy, joten hallittu remontti sis\u00e4lt\u00e4\u00e4kin riitt\u00e4v\u00e4t suojaukset huomioiden lattiamateriaalien ja kiintokalusteiden kest\u00e4vyys. My\u00f6skin rappuk\u00e4yt\u00e4v\u00e4n p\u00f6lynhallinta on avainasemassa, jotta saadaan muut taloyhti\u00f6n asukkaat pidetty\u00e4 tyytyv\u00e4isin\u00e4. Vastaan tulee my\u00f6s kohteita, joissa kaivataan lis\u00e4\u00e4 avarampaa tilaa, joten hyvill\u00e4 suunnitelmilla seinien purkuty\u00f6tkin ovat mahdollisia. Minulla on kokemusta jopa 140 m2:n asuntojen t\u00e4ysremonteista, joissa tehtiin laajoja korjauksia liittyen lattiarakenteisiin. Hankalatkin korjaukset on mahdollista toteuttaa, kun ne suunnitellaan hyvin.<\/p>\n<p>Korkea asiakastyytyv\u00e4isyys on minulle suuri arvo. Vastuullisena rakentajana noudatan rakennust\u00f6iden yleisi\u00e4 laatuvaatimuksia ja pyrinkin tekem\u00e4\u00e4n viel\u00e4 paremmin. Laajemmissa projekteissa luotan yhteisty\u00f6kumppaneihini, joille on my\u00f6s t\u00e4rkein\u00e4 arvoina korkea asiakastyytyv\u00e4isyys. Priima ty\u00f6nj\u00e4lki on se joka kulkee mukanamme.<\/p>\n<p>&nbsp;<\/p>\n<p>&nbsp;<\/p>\n<p>&nbsp;<\/p>\n<p>&nbsp;<\/p>\n<p>&nbsp;<\/p>\n<p>&nbsp;<\/p>\n<p>&nbsp;<\/p>\n","protected":false},"excerpt":{"rendered":"<p>Kaipaako kotisi ehostusta? Ehk\u00e4p\u00e4 haluaisit asunnostasi valoisamman tai laittaa sen vuokralle? Ehk\u00e4p\u00e4 n\u00e4it sisustuslehdess\u00e4 jotain hienoa, mik\u00e4 s\u00e4v\u00e4ytti ja n\u00e4ytti omalta. Mink\u00e4laiseen ratkaisuun p\u00e4\u00e4dytkin, niin voimme my\u00f6s yhdess\u00e4 mietti\u00e4 ratkaisuja. Yli Kymmenenvuoden sis\u00e4rakennust\u00f6iden ammattilaisena minulla on paljon n\u00e4kemyksi\u00e4, joita toki mielell\u00e4ni tuon sinunkin tietoosi projektissa.\u00a0Alkukartoituksessa voimme yhdess\u00e4 mietti\u00e4 muutamia asioita, kuten aikataulutus, kustannusarvio, toteutustapa ja [&hellip;]<\/p>\n","protected":false},"author":1,"featured_media":0,"parent":0,"menu_order":0,"comment_status":"closed","ping_status":"closed","template":"","meta":{"jetpack_post_was_ever_published":false},"jetpack_sharing_enabled":false,"jetpack_shortlink":"https:\/\/wp.me\/P9B3x1-4k","jetpack_likes_enabled":true,"jetpack-related-posts":[{"id":266,"url":"https:\/\/www.primaremontit.fi\/?page_id=266","url_meta":{"origin":268,"position":0},"title":"Keitti\u00f6remontti","author":"Uudenmaan Primaremontit","date":"March 2, 2018","format":false,"excerpt":"Onko suunnitelmissasi tilata keitti\u00f6remontillesi tekij\u00e4? Hienoa, kun p\u00e4\u00e4dyit sivuilleni. Keitti\u00f6remontti jos jokin vaatii kyky\u00e4 tehd\u00e4 millintarkkaa ty\u00f6t\u00e4. Lopputulokseen vaikuttaa monikin asia, joten riitt\u00e4v\u00e4t suunnitelmat\u00a0 onkin kaiken a ja o. Alkukartoituksessa voimme yhdess\u00e4 mietti\u00e4 muutamia asioita, kuten aikataulutus,\u00a0toteutustapa, kustannusarvio ja tarvittavat selvitykset. T\u00e4m\u00e4n lis\u00e4ksi keitti\u00f6remontissa erityisesti korostuu asiantuntevan keitti\u00f6suunnittelijan kanssa vietetyt\u2026","rel":"","context":"Similar post","block_context":{"text":"Similar post","link":""},"img":{"alt_text":"","src":"https:\/\/i0.wp.com\/www.primaremontit.fi\/wp-content\/uploads\/2018\/03\/pexels-photo-273822.jpeg?resize=350%2C200","width":350,"height":200,"srcset":"https:\/\/i0.wp.com\/www.primaremontit.fi\/wp-content\/uploads\/2018\/03\/pexels-photo-273822.jpeg?resize=350%2C200 1x, https:\/\/i0.wp.com\/www.primaremontit.fi\/wp-content\/uploads\/2018\/03\/pexels-photo-273822.jpeg?resize=525%2C300 1.5x, https:\/\/i0.wp.com\/www.primaremontit.fi\/wp-content\/uploads\/2018\/03\/pexels-photo-273822.jpeg?resize=700%2C400 2x"},"classes":[]},{"id":267,"url":"https:\/\/www.primaremontit.fi\/?page_id=267","url_meta":{"origin":268,"position":1},"title":"Kylpyhuoneremontti","author":"Uudenmaan Primaremontit","date":"March 2, 2018","format":false,"excerpt":"Kylpyhuoneremontti edess\u00e4? Pitk\u00e4n linjan m\u00e4rk\u00e4tilojen rakentajana kannan vastuuni jokaisesta kohteestani ja p\u00e4\u00e4m\u00e4\u00e4r\u00e4ni on loppuun asti hyvin toteutettu projekti. Laadukkaasti ja kest\u00e4v\u00e4sti rakennettu kohde huomioiden rakennusm\u00e4\u00e4r\u00e4ykset ovat t\u00e4rkeimpi\u00e4 arvojani ja asiakastyytyv\u00e4isyys onkin ollut korkeaa. Kun haluat kylpyhuoneremontillesi tarkkaa ty\u00f6t\u00e4 tekev\u00e4n, voit luottaa minuun. Rohkeat materiaalivalinnat ja haasteelliset laatoitukset, kuten erilaiset rakennetut\u2026","rel":"","context":"Similar post","block_context":{"text":"Similar post","link":""},"img":{"alt_text":"","src":"https:\/\/i0.wp.com\/www.primaremontit.fi\/wp-content\/uploads\/2018\/03\/pexels-photo-534116.jpeg?resize=350%2C200","width":350,"height":200,"srcset":"https:\/\/i0.wp.com\/www.primaremontit.fi\/wp-content\/uploads\/2018\/03\/pexels-photo-534116.jpeg?resize=350%2C200 1x, https:\/\/i0.wp.com\/www.primaremontit.fi\/wp-content\/uploads\/2018\/03\/pexels-photo-534116.jpeg?resize=525%2C300 1.5x, https:\/\/i0.wp.com\/www.primaremontit.fi\/wp-content\/uploads\/2018\/03\/pexels-photo-534116.jpeg?resize=700%2C400 2x, https:\/\/i0.wp.com\/www.primaremontit.fi\/wp-content\/uploads\/2018\/03\/pexels-photo-534116.jpeg?resize=1050%2C600 3x, https:\/\/i0.wp.com\/www.primaremontit.fi\/wp-content\/uploads\/2018\/03\/pexels-photo-534116.jpeg?resize=1400%2C800 4x"},"classes":[]},{"id":272,"url":"https:\/\/www.primaremontit.fi\/?page_id=272","url_meta":{"origin":268,"position":2},"title":"Korjausrakennus","author":"Uudenmaan Primaremontit","date":"March 2, 2018","format":false,"excerpt":"Korjausrakentaminen vuonna 2018 Korjausrakentaminen kehittyy jatkuvasti. Kehittyv\u00e4t rakennustavat, muuttuvat materiaalit, tiukentuvat rakentamism\u00e4\u00e4r\u00e4ykset ja n\u00e4ist\u00e4 johtuva osaamisen p\u00e4ivitt\u00e4minen erilaisin koulutusmenetelmin sek\u00e4 ty\u00f6ntilaajien\/rakennuttajien alati kasvava halu ryhty\u00e4 toteuttamaan yksil\u00f6llisi\u00e4, rohkeita ratkaisuja tekev\u00e4t alasta mielenkiintoisen. Korjausrakentamiseen tuo omat haasteensa se, ett\u00e4 vanhojen rakenteiden kunto, senaikaiset rakennustavat, muutost\u00f6iden laajuus, vaadittavat asiakirjat ja laajat selvitykset,\u2026","rel":"","context":"Similar post","block_context":{"text":"Similar post","link":""},"img":{"alt_text":"","src":"https:\/\/i0.wp.com\/www.primaremontit.fi\/wp-content\/uploads\/2018\/03\/piirustus.jpg?resize=350%2C200","width":350,"height":200,"srcset":"https:\/\/i0.wp.com\/www.primaremontit.fi\/wp-content\/uploads\/2018\/03\/piirustus.jpg?resize=350%2C200 1x, https:\/\/i0.wp.com\/www.primaremontit.fi\/wp-content\/uploads\/2018\/03\/piirustus.jpg?resize=525%2C300 1.5x, https:\/\/i0.wp.com\/www.primaremontit.fi\/wp-content\/uploads\/2018\/03\/piirustus.jpg?resize=700%2C400 2x"},"classes":[]},{"id":280,"url":"https:\/\/www.primaremontit.fi\/?page_id=280","url_meta":{"origin":268,"position":3},"title":"Korjausrakennus","author":"Uudenmaan Primaremontit","date":"March 2, 2018","format":false,"excerpt":"Korjausrakentaminen vuonna 2018 Korjausrakentaminen kehittyy jatkuvasti. Kehittyv\u00e4t rakennustavat, muuttuvat materiaalit, tiukentuvat rakentamism\u00e4\u00e4r\u00e4ykset ja n\u00e4ist\u00e4 johtuva osaamisen p\u00e4ivitt\u00e4minen erilaisin koulutusmenetelmin sek\u00e4 ty\u00f6ntilaajien\/rakennuttajien alati kasvava halu ryhty\u00e4 toteuttamaan yksil\u00f6llisi\u00e4, rohkeita ratkaisuja tekev\u00e4t alasta mielenkiintoisen. Korjausrakentamiseen tuo omat haasteensa se, ett\u00e4 vanhojen rakenteiden kunto, senaikaiset rakennustavat, muutost\u00f6iden laajuus, vaadittavat asiakirjat ja laajat selvitykset,\u2026","rel":"","context":"Similar post","block_context":{"text":"Similar post","link":""},"img":{"alt_text":"","src":"https:\/\/i0.wp.com\/www.primaremontit.fi\/wp-content\/uploads\/2018\/03\/piirustus.jpg?resize=350%2C200","width":350,"height":200,"srcset":"https:\/\/i0.wp.com\/www.primaremontit.fi\/wp-content\/uploads\/2018\/03\/piirustus.jpg?resize=350%2C200 1x, https:\/\/i0.wp.com\/www.primaremontit.fi\/wp-content\/uploads\/2018\/03\/piirustus.jpg?resize=525%2C300 1.5x, https:\/\/i0.wp.com\/www.primaremontit.fi\/wp-content\/uploads\/2018\/03\/piirustus.jpg?resize=700%2C400 2x"},"classes":[]}],"_links":{"self":[{"href":"https:\/\/www.primaremontit.fi\/index.php?rest_route=\/wp\/v2\/pages\/268"}],"collection":[{"href":"https:\/\/www.primaremontit.fi\/index.php?rest_route=\/wp\/v2\/pages"}],"about":[{"href":"https:\/\/www.primaremontit.fi\/index.php?rest_route=\/wp\/v2\/types\/page"}],"author":[{"embeddable":true,"href":"https:\/\/www.primaremontit.fi\/index.php?rest_route=\/wp\/v2\/users\/1"}],"replies":[{"embeddable":true,"href":"https:\/\/www.primaremontit.fi\/index.php?rest_route=%2Fwp%2Fv2%2Fcomments&post=268"}],"version-history":[{"count":8,"href":"https:\/\/www.primaremontit.fi\/index.php?rest_route=\/wp\/v2\/pages\/268\/revisions"}],"predecessor-version":[{"id":330,"href":"https:\/\/www.primaremontit.fi\/index.php?rest_route=\/wp\/v2\/pages\/268\/revisions\/330"}],"wp:attachment":[{"href":"https:\/\/www.primaremontit.fi\/index.php?rest_route=%2Fwp%2Fv2%2Fmedia&parent=268"}],"curies":[{"name":"wp","href":"https:\/\/api.w.org\/{rel}","templated":true}]}}